{"id":311,"date":"2022-05-06T09:51:51","date_gmt":"2022-05-06T07:51:51","guid":{"rendered":"https:\/\/www.pontauto.it\/about-us\/"},"modified":"2025-11-11T11:36:25","modified_gmt":"2025-11-11T10:36:25","slug":"about-us","status":"publish","type":"page","link":"https:\/\/www.pontauto.it\/de\/about-us\/","title":{"rendered":"\u00dcber uns"},"content":{"rendered":"\n<h2 class=\"wp-block-heading\">Jede Herausforderung ist eine neue M\u00f6glichkeit.<\/h2>\n\n\n\n<p>Jeden Tag messen wir uns an den Herausforderungen durch unsere Kundinnen und Kunden, um stets das bestm\u00f6gliche Service im Hinblick auf die uns gestellten Anforderungen zu bieten. Denn ein guter Partner ist jemand, der anderen wirklich hilft, zu wachsen.<\/p>\n\n\n\n<p>Wir sind auch davon \u00fcberzeugt, dass der Erfolg jeder Leistung eng mit der Festlegung einer ma\u00dfgeschneiderten Strategie und der Aufmerksamkeit f\u00fcr jedes Detail verbunden ist. Deshalb haben wir im Laufe der Jahre ein erfahrenes Team aufgebaut, das den Wandel als Chance und die W\u00fcnsche unserer Kundinnen und Kunden als pers\u00f6nliche Mission begreift.<\/p>\n\n\n\n<p>Seit 1998 hat uns dieser Ansatz ein Wachstum in Bezug auf Umsatz, abgedeckte Marktbereiche und Partnerschaften mit den wichtigsten internationalen Playern der Branche erm\u00f6glicht.<\/p>\n\n\n\n<div style=\"height:100px\" aria-hidden=\"true\" class=\"wp-block-spacer\"><\/div>\n\n\n\n<p><\/p>\n\n\n\n<p><\/p>\n\n\n\n<p><\/p>\n\n\n\n<p><\/p>\n","protected":false},"excerpt":{"rendered":"<p>Jede Herausforderung ist eine neue M\u00f6glichkeit. Jeden Tag messen wir uns an den Herausforderungen durch unsere Kundinnen und Kunden, um stets das bestm\u00f6gliche Service im Hinblick auf die uns gestellten Anforderungen zu bieten. Denn ein guter Partner ist jemand, der anderen wirklich hilft, zu wachsen. Wir sind auch davon \u00fcberzeugt, dass der Erfolg jeder Leistung [&hellip;]<\/p>\n","protected":false},"author":1,"featured_media":0,"parent":0,"menu_order":0,"comment_status":"closed","ping_status":"closed","template":"page-testuale.php","meta":{"inline_featured_image":false,"footnotes":""},"class_list":["post-311","page","type-page","status-publish","hentry"],"acf":[],"yoast_head":"<!-- This site is optimized with the Yoast SEO plugin v19.3 - https:\/\/yoast.com\/wordpress\/plugins\/seo\/ -->\n<title>\u00dcber uns - Pontauto<\/title>\n<meta name=\"robots\" content=\"index, follow, max-snippet:-1, max-image-preview:large, max-video-preview:-1\" \/>\n<link rel=\"canonical\" href=\"https:\/\/www.pontauto.it\/de\/about-us\/\" \/>\n<meta property=\"og:locale\" content=\"de_DE\" \/>\n<meta property=\"og:type\" content=\"article\" \/>\n<meta property=\"og:title\" content=\"\u00dcber uns - Pontauto\" \/>\n<meta property=\"og:description\" content=\"Jede Herausforderung ist eine neue M\u00f6glichkeit. Jeden Tag messen wir uns an den Herausforderungen durch unsere Kundinnen und Kunden, um stets das bestm\u00f6gliche Service im Hinblick auf die uns gestellten Anforderungen zu bieten. Denn ein guter Partner ist jemand, der anderen wirklich hilft, zu wachsen. Wir sind auch davon \u00fcberzeugt, dass der Erfolg jeder Leistung [&hellip;]\" \/>\n<meta property=\"og:url\" content=\"https:\/\/www.pontauto.it\/de\/about-us\/\" \/>\n<meta property=\"og:site_name\" content=\"Pontauto\" \/>\n<meta property=\"article:modified_time\" content=\"2025-11-11T10:36:25+00:00\" \/>\n<meta name=\"twitter:card\" content=\"summary_large_image\" \/>\n<meta name=\"twitter:label1\" content=\"Gesch\u00e4tzte Lesezeit\" \/>\n\t<meta name=\"twitter:data1\" content=\"1\u00a0Minute\" \/>\n<script type=\"application\/ld+json\" class=\"yoast-schema-graph\">{\"@context\":\"https:\/\/schema.org\",\"@graph\":[{\"@type\":\"Organization\",\"@id\":\"https:\/\/www.pontauto.it\/#organization\",\"name\":\"Pontauto\",\"url\":\"https:\/\/www.pontauto.it\/\",\"sameAs\":[\"https:\/\/www.linkedin.com\/company\/pontauto-snc\/about\/\"],\"logo\":{\"@type\":\"ImageObject\",\"inLanguage\":\"de\",\"@id\":\"https:\/\/www.pontauto.it\/#\/schema\/logo\/image\/\",\"url\":\"https:\/\/www.pontauto.it\/wp-content\/uploads\/2022\/07\/pontauto.svg\",\"contentUrl\":\"https:\/\/www.pontauto.it\/wp-content\/uploads\/2022\/07\/pontauto.svg\",\"width\":227,\"height\":87,\"caption\":\"Pontauto\"},\"image\":{\"@id\":\"https:\/\/www.pontauto.it\/#\/schema\/logo\/image\/\"}},{\"@type\":\"WebSite\",\"@id\":\"https:\/\/www.pontauto.it\/#website\",\"url\":\"https:\/\/www.pontauto.it\/\",\"name\":\"Pontauto\",\"description\":\"\",\"publisher\":{\"@id\":\"https:\/\/www.pontauto.it\/#organization\"},\"potentialAction\":[{\"@type\":\"SearchAction\",\"target\":{\"@type\":\"EntryPoint\",\"urlTemplate\":\"https:\/\/www.pontauto.it\/?s={search_term_string}\"},\"query-input\":\"required name=search_term_string\"}],\"inLanguage\":\"de\"},{\"@type\":\"WebPage\",\"@id\":\"https:\/\/www.pontauto.it\/de\/about-us\/\",\"url\":\"https:\/\/www.pontauto.it\/de\/about-us\/\",\"name\":\"\u00dcber uns - Pontauto\",\"isPartOf\":{\"@id\":\"https:\/\/www.pontauto.it\/#website\"},\"datePublished\":\"2022-05-06T07:51:51+00:00\",\"dateModified\":\"2025-11-11T10:36:25+00:00\",\"breadcrumb\":{\"@id\":\"https:\/\/www.pontauto.it\/de\/about-us\/#breadcrumb\"},\"inLanguage\":\"de\",\"potentialAction\":[{\"@type\":\"ReadAction\",\"target\":[\"https:\/\/www.pontauto.it\/de\/about-us\/\"]}]},{\"@type\":\"BreadcrumbList\",\"@id\":\"https:\/\/www.pontauto.it\/de\/about-us\/#breadcrumb\",\"itemListElement\":[{\"@type\":\"ListItem\",\"position\":1,\"name\":\"Home\",\"item\":\"https:\/\/www.pontauto.it\/de\/\"},{\"@type\":\"ListItem\",\"position\":2,\"name\":\"\u00dcber uns\"}]}]}<\/script>\n<!-- \/ Yoast SEO plugin. -->","yoast_head_json":{"title":"\u00dcber uns - Pontauto","robots":{"index":"index","follow":"follow","max-snippet":"max-snippet:-1","max-image-preview":"max-image-preview:large","max-video-preview":"max-video-preview:-1"},"canonical":"https:\/\/www.pontauto.it\/de\/about-us\/","og_locale":"de_DE","og_type":"article","og_title":"\u00dcber uns - Pontauto","og_description":"Jede Herausforderung ist eine neue M\u00f6glichkeit. Jeden Tag messen wir uns an den Herausforderungen durch unsere Kundinnen und Kunden, um stets das bestm\u00f6gliche Service im Hinblick auf die uns gestellten Anforderungen zu bieten. Denn ein guter Partner ist jemand, der anderen wirklich hilft, zu wachsen. Wir sind auch davon \u00fcberzeugt, dass der Erfolg jeder Leistung [&hellip;]","og_url":"https:\/\/www.pontauto.it\/de\/about-us\/","og_site_name":"Pontauto","article_modified_time":"2025-11-11T10:36:25+00:00","twitter_card":"summary_large_image","twitter_misc":{"Gesch\u00e4tzte Lesezeit":"1\u00a0Minute"},"schema":{"@context":"https:\/\/schema.org","@graph":[{"@type":"Organization","@id":"https:\/\/www.pontauto.it\/#organization","name":"Pontauto","url":"https:\/\/www.pontauto.it\/","sameAs":["https:\/\/www.linkedin.com\/company\/pontauto-snc\/about\/"],"logo":{"@type":"ImageObject","inLanguage":"de","@id":"https:\/\/www.pontauto.it\/#\/schema\/logo\/image\/","url":"https:\/\/www.pontauto.it\/wp-content\/uploads\/2022\/07\/pontauto.svg","contentUrl":"https:\/\/www.pontauto.it\/wp-content\/uploads\/2022\/07\/pontauto.svg","width":227,"height":87,"caption":"Pontauto"},"image":{"@id":"https:\/\/www.pontauto.it\/#\/schema\/logo\/image\/"}},{"@type":"WebSite","@id":"https:\/\/www.pontauto.it\/#website","url":"https:\/\/www.pontauto.it\/","name":"Pontauto","description":"","publisher":{"@id":"https:\/\/www.pontauto.it\/#organization"},"potentialAction":[{"@type":"SearchAction","target":{"@type":"EntryPoint","urlTemplate":"https:\/\/www.pontauto.it\/?s={search_term_string}"},"query-input":"required name=search_term_string"}],"inLanguage":"de"},{"@type":"WebPage","@id":"https:\/\/www.pontauto.it\/de\/about-us\/","url":"https:\/\/www.pontauto.it\/de\/about-us\/","name":"\u00dcber uns - Pontauto","isPartOf":{"@id":"https:\/\/www.pontauto.it\/#website"},"datePublished":"2022-05-06T07:51:51+00:00","dateModified":"2025-11-11T10:36:25+00:00","breadcrumb":{"@id":"https:\/\/www.pontauto.it\/de\/about-us\/#breadcrumb"},"inLanguage":"de","potentialAction":[{"@type":"ReadAction","target":["https:\/\/www.pontauto.it\/de\/about-us\/"]}]},{"@type":"BreadcrumbList","@id":"https:\/\/www.pontauto.it\/de\/about-us\/#breadcrumb","itemListElement":[{"@type":"ListItem","position":1,"name":"Home","item":"https:\/\/www.pontauto.it\/de\/"},{"@type":"ListItem","position":2,"name":"\u00dcber uns"}]}]}},"_links":{"self":[{"href":"https:\/\/www.pontauto.it\/de\/wp-json\/wp\/v2\/pages\/311","targetHints":{"allow":["GET"]}}],"collection":[{"href":"https:\/\/www.pontauto.it\/de\/wp-json\/wp\/v2\/pages"}],"about":[{"href":"https:\/\/www.pontauto.it\/de\/wp-json\/wp\/v2\/types\/page"}],"author":[{"embeddable":true,"href":"https:\/\/www.pontauto.it\/de\/wp-json\/wp\/v2\/users\/1"}],"replies":[{"embeddable":true,"href":"https:\/\/www.pontauto.it\/de\/wp-json\/wp\/v2\/comments?post=311"}],"version-history":[{"count":11,"href":"https:\/\/www.pontauto.it\/de\/wp-json\/wp\/v2\/pages\/311\/revisions"}],"predecessor-version":[{"id":5877,"href":"https:\/\/www.pontauto.it\/de\/wp-json\/wp\/v2\/pages\/311\/revisions\/5877"}],"wp:attachment":[{"href":"https:\/\/www.pontauto.it\/de\/wp-json\/wp\/v2\/media?parent=311"}],"curies":[{"name":"wp","href":"https:\/\/api.w.org\/{rel}","templated":true}]}}