{"id":312,"date":"2022-05-06T09:51:51","date_gmt":"2022-05-06T07:51:51","guid":{"rendered":"https:\/\/www.pontauto.it\/about-us\/"},"modified":"2025-11-11T11:38:46","modified_gmt":"2025-11-11T10:38:46","slug":"about-us","status":"publish","type":"page","link":"https:\/\/www.pontauto.it\/es\/about-us\/","title":{"rendered":"Sobre nosotros"},"content":{"rendered":"\n<h2 class=\"wp-block-heading\">Cada nuevo reto es una nueva oportunidad.<\/h2>\n\n\n\n<p>Cada d\u00eda nos medimos con los retos de nuestros clientes para conseguir siempre el mejor resultado posible con respecto a los objetivos que se nos piden.<\/p>\n\n\n\n<p>Porque un buen socio es aquel que realmente ayuda a los dem\u00e1s a crecer.<\/p>\n\n\n\n<p>Tambi\u00e9n estamos convencidos de que el resultado de cada actuaci\u00f3n est\u00e1 estrechamente relacionado con el establecimiento de una estrategia personalizada y la atenci\u00f3n a cada detalle.<\/p>\n\n\n\n<p>Por eso hemos creado a lo largo de los a\u00f1os un equipo de trabajo experto que interpreta los<\/p>\n\n\n\n<p>cambios como oportunidad y las demandas de los clientes como una misi\u00f3n personal.<\/p>\n\n\n\n<p>Desde 1998, este enfoque nos ha permitido crecer en t\u00e9rminos de facturaci\u00f3n, \u00e1reas de mercado cubiertas D asociaciones con los principales actores internacionales de la industria.<\/p>\n\n\n\n<div style=\"height:100px\" aria-hidden=\"true\" class=\"wp-block-spacer\"><\/div>\n\n\n\n<p><\/p>\n\n\n\n<p><\/p>\n\n\n\n<p><\/p>\n\n\n\n<p><\/p>\n","protected":false},"excerpt":{"rendered":"<p>Cada nuevo reto es una nueva oportunidad. Cada d\u00eda nos medimos con los retos de nuestros clientes para conseguir siempre el mejor resultado posible con respecto a los objetivos que se nos piden. Porque un buen socio es aquel que realmente ayuda a los dem\u00e1s a crecer. Tambi\u00e9n estamos convencidos de que el resultado de [&hellip;]<\/p>\n","protected":false},"author":1,"featured_media":0,"parent":0,"menu_order":0,"comment_status":"closed","ping_status":"closed","template":"page-testuale.php","meta":{"inline_featured_image":false,"footnotes":""},"class_list":["post-312","page","type-page","status-publish","hentry"],"acf":[],"yoast_head":"<!-- This site is optimized with the Yoast SEO plugin v19.3 - https:\/\/yoast.com\/wordpress\/plugins\/seo\/ -->\n<title>Sobre nosotros - Pontauto<\/title>\n<meta name=\"robots\" content=\"index, follow, max-snippet:-1, max-image-preview:large, max-video-preview:-1\" \/>\n<link rel=\"canonical\" href=\"https:\/\/www.pontauto.it\/es\/about-us\/\" \/>\n<meta property=\"og:locale\" content=\"es_ES\" \/>\n<meta property=\"og:type\" content=\"article\" \/>\n<meta property=\"og:title\" content=\"Sobre nosotros - Pontauto\" \/>\n<meta property=\"og:description\" content=\"Cada nuevo reto es una nueva oportunidad. Cada d\u00eda nos medimos con los retos de nuestros clientes para conseguir siempre el mejor resultado posible con respecto a los objetivos que se nos piden. Porque un buen socio es aquel que realmente ayuda a los dem\u00e1s a crecer. Tambi\u00e9n estamos convencidos de que el resultado de [&hellip;]\" \/>\n<meta property=\"og:url\" content=\"https:\/\/www.pontauto.it\/es\/about-us\/\" \/>\n<meta property=\"og:site_name\" content=\"Pontauto\" \/>\n<meta property=\"article:modified_time\" content=\"2025-11-11T10:38:46+00:00\" \/>\n<meta name=\"twitter:card\" content=\"summary_large_image\" \/>\n<meta name=\"twitter:label1\" content=\"Tiempo de lectura\" \/>\n\t<meta name=\"twitter:data1\" content=\"1 minuto\" \/>\n<script type=\"application\/ld+json\" class=\"yoast-schema-graph\">{\"@context\":\"https:\/\/schema.org\",\"@graph\":[{\"@type\":\"Organization\",\"@id\":\"https:\/\/www.pontauto.it\/#organization\",\"name\":\"Pontauto\",\"url\":\"https:\/\/www.pontauto.it\/\",\"sameAs\":[\"https:\/\/www.linkedin.com\/company\/pontauto-snc\/about\/\"],\"logo\":{\"@type\":\"ImageObject\",\"inLanguage\":\"es\",\"@id\":\"https:\/\/www.pontauto.it\/#\/schema\/logo\/image\/\",\"url\":\"https:\/\/www.pontauto.it\/wp-content\/uploads\/2022\/07\/pontauto.svg\",\"contentUrl\":\"https:\/\/www.pontauto.it\/wp-content\/uploads\/2022\/07\/pontauto.svg\",\"width\":227,\"height\":87,\"caption\":\"Pontauto\"},\"image\":{\"@id\":\"https:\/\/www.pontauto.it\/#\/schema\/logo\/image\/\"}},{\"@type\":\"WebSite\",\"@id\":\"https:\/\/www.pontauto.it\/#website\",\"url\":\"https:\/\/www.pontauto.it\/\",\"name\":\"Pontauto\",\"description\":\"\",\"publisher\":{\"@id\":\"https:\/\/www.pontauto.it\/#organization\"},\"potentialAction\":[{\"@type\":\"SearchAction\",\"target\":{\"@type\":\"EntryPoint\",\"urlTemplate\":\"https:\/\/www.pontauto.it\/?s={search_term_string}\"},\"query-input\":\"required name=search_term_string\"}],\"inLanguage\":\"es\"},{\"@type\":\"WebPage\",\"@id\":\"https:\/\/www.pontauto.it\/es\/about-us\/\",\"url\":\"https:\/\/www.pontauto.it\/es\/about-us\/\",\"name\":\"Sobre nosotros - Pontauto\",\"isPartOf\":{\"@id\":\"https:\/\/www.pontauto.it\/#website\"},\"datePublished\":\"2022-05-06T07:51:51+00:00\",\"dateModified\":\"2025-11-11T10:38:46+00:00\",\"breadcrumb\":{\"@id\":\"https:\/\/www.pontauto.it\/es\/about-us\/#breadcrumb\"},\"inLanguage\":\"es\",\"potentialAction\":[{\"@type\":\"ReadAction\",\"target\":[\"https:\/\/www.pontauto.it\/es\/about-us\/\"]}]},{\"@type\":\"BreadcrumbList\",\"@id\":\"https:\/\/www.pontauto.it\/es\/about-us\/#breadcrumb\",\"itemListElement\":[{\"@type\":\"ListItem\",\"position\":1,\"name\":\"Home\",\"item\":\"https:\/\/www.pontauto.it\/es\/\"},{\"@type\":\"ListItem\",\"position\":2,\"name\":\"Sobre nosotros\"}]}]}<\/script>\n<!-- \/ Yoast SEO plugin. -->","yoast_head_json":{"title":"Sobre nosotros - Pontauto","robots":{"index":"index","follow":"follow","max-snippet":"max-snippet:-1","max-image-preview":"max-image-preview:large","max-video-preview":"max-video-preview:-1"},"canonical":"https:\/\/www.pontauto.it\/es\/about-us\/","og_locale":"es_ES","og_type":"article","og_title":"Sobre nosotros - Pontauto","og_description":"Cada nuevo reto es una nueva oportunidad. Cada d\u00eda nos medimos con los retos de nuestros clientes para conseguir siempre el mejor resultado posible con respecto a los objetivos que se nos piden. Porque un buen socio es aquel que realmente ayuda a los dem\u00e1s a crecer. Tambi\u00e9n estamos convencidos de que el resultado de [&hellip;]","og_url":"https:\/\/www.pontauto.it\/es\/about-us\/","og_site_name":"Pontauto","article_modified_time":"2025-11-11T10:38:46+00:00","twitter_card":"summary_large_image","twitter_misc":{"Tiempo de lectura":"1 minuto"},"schema":{"@context":"https:\/\/schema.org","@graph":[{"@type":"Organization","@id":"https:\/\/www.pontauto.it\/#organization","name":"Pontauto","url":"https:\/\/www.pontauto.it\/","sameAs":["https:\/\/www.linkedin.com\/company\/pontauto-snc\/about\/"],"logo":{"@type":"ImageObject","inLanguage":"es","@id":"https:\/\/www.pontauto.it\/#\/schema\/logo\/image\/","url":"https:\/\/www.pontauto.it\/wp-content\/uploads\/2022\/07\/pontauto.svg","contentUrl":"https:\/\/www.pontauto.it\/wp-content\/uploads\/2022\/07\/pontauto.svg","width":227,"height":87,"caption":"Pontauto"},"image":{"@id":"https:\/\/www.pontauto.it\/#\/schema\/logo\/image\/"}},{"@type":"WebSite","@id":"https:\/\/www.pontauto.it\/#website","url":"https:\/\/www.pontauto.it\/","name":"Pontauto","description":"","publisher":{"@id":"https:\/\/www.pontauto.it\/#organization"},"potentialAction":[{"@type":"SearchAction","target":{"@type":"EntryPoint","urlTemplate":"https:\/\/www.pontauto.it\/?s={search_term_string}"},"query-input":"required name=search_term_string"}],"inLanguage":"es"},{"@type":"WebPage","@id":"https:\/\/www.pontauto.it\/es\/about-us\/","url":"https:\/\/www.pontauto.it\/es\/about-us\/","name":"Sobre nosotros - Pontauto","isPartOf":{"@id":"https:\/\/www.pontauto.it\/#website"},"datePublished":"2022-05-06T07:51:51+00:00","dateModified":"2025-11-11T10:38:46+00:00","breadcrumb":{"@id":"https:\/\/www.pontauto.it\/es\/about-us\/#breadcrumb"},"inLanguage":"es","potentialAction":[{"@type":"ReadAction","target":["https:\/\/www.pontauto.it\/es\/about-us\/"]}]},{"@type":"BreadcrumbList","@id":"https:\/\/www.pontauto.it\/es\/about-us\/#breadcrumb","itemListElement":[{"@type":"ListItem","position":1,"name":"Home","item":"https:\/\/www.pontauto.it\/es\/"},{"@type":"ListItem","position":2,"name":"Sobre nosotros"}]}]}},"_links":{"self":[{"href":"https:\/\/www.pontauto.it\/es\/wp-json\/wp\/v2\/pages\/312","targetHints":{"allow":["GET"]}}],"collection":[{"href":"https:\/\/www.pontauto.it\/es\/wp-json\/wp\/v2\/pages"}],"about":[{"href":"https:\/\/www.pontauto.it\/es\/wp-json\/wp\/v2\/types\/page"}],"author":[{"embeddable":true,"href":"https:\/\/www.pontauto.it\/es\/wp-json\/wp\/v2\/users\/1"}],"replies":[{"embeddable":true,"href":"https:\/\/www.pontauto.it\/es\/wp-json\/wp\/v2\/comments?post=312"}],"version-history":[{"count":14,"href":"https:\/\/www.pontauto.it\/es\/wp-json\/wp\/v2\/pages\/312\/revisions"}],"predecessor-version":[{"id":5878,"href":"https:\/\/www.pontauto.it\/es\/wp-json\/wp\/v2\/pages\/312\/revisions\/5878"}],"wp:attachment":[{"href":"https:\/\/www.pontauto.it\/es\/wp-json\/wp\/v2\/media?parent=312"}],"curies":[{"name":"wp","href":"https:\/\/api.w.org\/{rel}","templated":true}]}}