{"id":310,"date":"2022-05-06T09:51:51","date_gmt":"2022-05-06T07:51:51","guid":{"rendered":"https:\/\/www.pontauto.it\/about-us\/"},"modified":"2025-11-11T11:35:23","modified_gmt":"2025-11-11T10:35:23","slug":"about-us","status":"publish","type":"page","link":"https:\/\/www.pontauto.it\/fr\/about-us\/","title":{"rendered":"\u00c0 propos de nous"},"content":{"rendered":"\n<h2 class=\"wp-block-heading\">Chaque nouveau d\u00e9fi est une nouvelle opportunit\u00e9.<\/h2>\n\n\n\n<p>Chaque jour, nous nous mesurons aux d\u00e9fis de nos clients afin de toujours obtenir le meilleur r\u00e9sultat possible par rapport aux objectifs qui nous sont demand\u00e9s.<\/p>\n\n\n\n<p>Parce qu&rsquo;un bon partenaire est celui qui aide vraiment les autres \u00e0 grandir.<\/p>\n\n\n\n<p>Nous sommes \u00e9galement convaincus que le r\u00e9sultat de toute performance est \u00e9troitement li\u00e9 \u00e0 la mise en place d&rsquo;une strat\u00e9gie personnalis\u00e9e et \u00e0 l&rsquo;attention port\u00e9e \u00e0 chaque d\u00e9tail.<\/p>\n\n\n\n<p>C&rsquo;est pourquoi nous avons constitu\u00e9 au fil des ann\u00e9es une \u00e9quipe exp\u00e9riment\u00e9e qui interpr\u00e8te les<\/p>\n\n\n\n<p>changements comme des opportunit\u00e9s et les demandes des clients comme une mission personnelle.<\/p>\n\n\n\n<p>Depuis 1998, cette approche nous a permis de nous d\u00e9velopper en termes de chiffre d&rsquo;affaires, de zones de march\u00e9 couvertes et de partenariats avec les principaux acteurs internationaux du secteur.<\/p>\n\n\n\n<div style=\"height:100px\" aria-hidden=\"true\" class=\"wp-block-spacer\"><\/div>\n\n\n\n<p><\/p>\n\n\n\n<p><\/p>\n\n\n\n<p><\/p>\n\n\n\n<p><\/p>\n","protected":false},"excerpt":{"rendered":"<p>Chaque nouveau d\u00e9fi est une nouvelle opportunit\u00e9. Chaque jour, nous nous mesurons aux d\u00e9fis de nos clients afin de toujours obtenir le meilleur r\u00e9sultat possible par rapport aux objectifs qui nous sont demand\u00e9s. Parce qu&rsquo;un bon partenaire est celui qui aide vraiment les autres \u00e0 grandir. Nous sommes \u00e9galement convaincus que le r\u00e9sultat de toute [&hellip;]<\/p>\n","protected":false},"author":1,"featured_media":0,"parent":0,"menu_order":0,"comment_status":"closed","ping_status":"closed","template":"page-testuale.php","meta":{"inline_featured_image":false,"footnotes":""},"class_list":["post-310","page","type-page","status-publish","hentry"],"acf":[],"yoast_head":"<!-- This site is optimized with the Yoast SEO plugin v19.3 - https:\/\/yoast.com\/wordpress\/plugins\/seo\/ -->\n<title>\u00c0 propos de nous - Pontauto<\/title>\n<meta name=\"robots\" content=\"index, follow, max-snippet:-1, max-image-preview:large, max-video-preview:-1\" \/>\n<link rel=\"canonical\" href=\"https:\/\/www.pontauto.it\/fr\/about-us\/\" \/>\n<meta property=\"og:locale\" content=\"fr_FR\" \/>\n<meta property=\"og:type\" content=\"article\" \/>\n<meta property=\"og:title\" content=\"\u00c0 propos de nous - Pontauto\" \/>\n<meta property=\"og:description\" content=\"Chaque nouveau d\u00e9fi est une nouvelle opportunit\u00e9. Chaque jour, nous nous mesurons aux d\u00e9fis de nos clients afin de toujours obtenir le meilleur r\u00e9sultat possible par rapport aux objectifs qui nous sont demand\u00e9s. Parce qu&rsquo;un bon partenaire est celui qui aide vraiment les autres \u00e0 grandir. Nous sommes \u00e9galement convaincus que le r\u00e9sultat de toute [&hellip;]\" \/>\n<meta property=\"og:url\" content=\"https:\/\/www.pontauto.it\/fr\/about-us\/\" \/>\n<meta property=\"og:site_name\" content=\"Pontauto\" \/>\n<meta property=\"article:modified_time\" content=\"2025-11-11T10:35:23+00:00\" \/>\n<meta name=\"twitter:card\" content=\"summary_large_image\" \/>\n<meta name=\"twitter:label1\" content=\"Dur\u00e9e de lecture estim\u00e9e\" \/>\n\t<meta name=\"twitter:data1\" content=\"1 minute\" \/>\n<script type=\"application\/ld+json\" class=\"yoast-schema-graph\">{\"@context\":\"https:\/\/schema.org\",\"@graph\":[{\"@type\":\"Organization\",\"@id\":\"https:\/\/www.pontauto.it\/#organization\",\"name\":\"Pontauto\",\"url\":\"https:\/\/www.pontauto.it\/\",\"sameAs\":[\"https:\/\/www.linkedin.com\/company\/pontauto-snc\/about\/\"],\"logo\":{\"@type\":\"ImageObject\",\"inLanguage\":\"fr-FR\",\"@id\":\"https:\/\/www.pontauto.it\/#\/schema\/logo\/image\/\",\"url\":\"https:\/\/www.pontauto.it\/wp-content\/uploads\/2022\/07\/pontauto.svg\",\"contentUrl\":\"https:\/\/www.pontauto.it\/wp-content\/uploads\/2022\/07\/pontauto.svg\",\"width\":227,\"height\":87,\"caption\":\"Pontauto\"},\"image\":{\"@id\":\"https:\/\/www.pontauto.it\/#\/schema\/logo\/image\/\"}},{\"@type\":\"WebSite\",\"@id\":\"https:\/\/www.pontauto.it\/#website\",\"url\":\"https:\/\/www.pontauto.it\/\",\"name\":\"Pontauto\",\"description\":\"\",\"publisher\":{\"@id\":\"https:\/\/www.pontauto.it\/#organization\"},\"potentialAction\":[{\"@type\":\"SearchAction\",\"target\":{\"@type\":\"EntryPoint\",\"urlTemplate\":\"https:\/\/www.pontauto.it\/?s={search_term_string}\"},\"query-input\":\"required name=search_term_string\"}],\"inLanguage\":\"fr-FR\"},{\"@type\":\"WebPage\",\"@id\":\"https:\/\/www.pontauto.it\/fr\/about-us\/\",\"url\":\"https:\/\/www.pontauto.it\/fr\/about-us\/\",\"name\":\"\u00c0 propos de nous - Pontauto\",\"isPartOf\":{\"@id\":\"https:\/\/www.pontauto.it\/#website\"},\"datePublished\":\"2022-05-06T07:51:51+00:00\",\"dateModified\":\"2025-11-11T10:35:23+00:00\",\"breadcrumb\":{\"@id\":\"https:\/\/www.pontauto.it\/fr\/about-us\/#breadcrumb\"},\"inLanguage\":\"fr-FR\",\"potentialAction\":[{\"@type\":\"ReadAction\",\"target\":[\"https:\/\/www.pontauto.it\/fr\/about-us\/\"]}]},{\"@type\":\"BreadcrumbList\",\"@id\":\"https:\/\/www.pontauto.it\/fr\/about-us\/#breadcrumb\",\"itemListElement\":[{\"@type\":\"ListItem\",\"position\":1,\"name\":\"Home\",\"item\":\"https:\/\/www.pontauto.it\/fr\/\"},{\"@type\":\"ListItem\",\"position\":2,\"name\":\"\u00c0 propos de nous\"}]}]}<\/script>\n<!-- \/ Yoast SEO plugin. -->","yoast_head_json":{"title":"\u00c0 propos de nous - Pontauto","robots":{"index":"index","follow":"follow","max-snippet":"max-snippet:-1","max-image-preview":"max-image-preview:large","max-video-preview":"max-video-preview:-1"},"canonical":"https:\/\/www.pontauto.it\/fr\/about-us\/","og_locale":"fr_FR","og_type":"article","og_title":"\u00c0 propos de nous - Pontauto","og_description":"Chaque nouveau d\u00e9fi est une nouvelle opportunit\u00e9. Chaque jour, nous nous mesurons aux d\u00e9fis de nos clients afin de toujours obtenir le meilleur r\u00e9sultat possible par rapport aux objectifs qui nous sont demand\u00e9s. Parce qu&rsquo;un bon partenaire est celui qui aide vraiment les autres \u00e0 grandir. Nous sommes \u00e9galement convaincus que le r\u00e9sultat de toute [&hellip;]","og_url":"https:\/\/www.pontauto.it\/fr\/about-us\/","og_site_name":"Pontauto","article_modified_time":"2025-11-11T10:35:23+00:00","twitter_card":"summary_large_image","twitter_misc":{"Dur\u00e9e de lecture estim\u00e9e":"1 minute"},"schema":{"@context":"https:\/\/schema.org","@graph":[{"@type":"Organization","@id":"https:\/\/www.pontauto.it\/#organization","name":"Pontauto","url":"https:\/\/www.pontauto.it\/","sameAs":["https:\/\/www.linkedin.com\/company\/pontauto-snc\/about\/"],"logo":{"@type":"ImageObject","inLanguage":"fr-FR","@id":"https:\/\/www.pontauto.it\/#\/schema\/logo\/image\/","url":"https:\/\/www.pontauto.it\/wp-content\/uploads\/2022\/07\/pontauto.svg","contentUrl":"https:\/\/www.pontauto.it\/wp-content\/uploads\/2022\/07\/pontauto.svg","width":227,"height":87,"caption":"Pontauto"},"image":{"@id":"https:\/\/www.pontauto.it\/#\/schema\/logo\/image\/"}},{"@type":"WebSite","@id":"https:\/\/www.pontauto.it\/#website","url":"https:\/\/www.pontauto.it\/","name":"Pontauto","description":"","publisher":{"@id":"https:\/\/www.pontauto.it\/#organization"},"potentialAction":[{"@type":"SearchAction","target":{"@type":"EntryPoint","urlTemplate":"https:\/\/www.pontauto.it\/?s={search_term_string}"},"query-input":"required name=search_term_string"}],"inLanguage":"fr-FR"},{"@type":"WebPage","@id":"https:\/\/www.pontauto.it\/fr\/about-us\/","url":"https:\/\/www.pontauto.it\/fr\/about-us\/","name":"\u00c0 propos de nous - Pontauto","isPartOf":{"@id":"https:\/\/www.pontauto.it\/#website"},"datePublished":"2022-05-06T07:51:51+00:00","dateModified":"2025-11-11T10:35:23+00:00","breadcrumb":{"@id":"https:\/\/www.pontauto.it\/fr\/about-us\/#breadcrumb"},"inLanguage":"fr-FR","potentialAction":[{"@type":"ReadAction","target":["https:\/\/www.pontauto.it\/fr\/about-us\/"]}]},{"@type":"BreadcrumbList","@id":"https:\/\/www.pontauto.it\/fr\/about-us\/#breadcrumb","itemListElement":[{"@type":"ListItem","position":1,"name":"Home","item":"https:\/\/www.pontauto.it\/fr\/"},{"@type":"ListItem","position":2,"name":"\u00c0 propos de nous"}]}]}},"_links":{"self":[{"href":"https:\/\/www.pontauto.it\/fr\/wp-json\/wp\/v2\/pages\/310","targetHints":{"allow":["GET"]}}],"collection":[{"href":"https:\/\/www.pontauto.it\/fr\/wp-json\/wp\/v2\/pages"}],"about":[{"href":"https:\/\/www.pontauto.it\/fr\/wp-json\/wp\/v2\/types\/page"}],"author":[{"embeddable":true,"href":"https:\/\/www.pontauto.it\/fr\/wp-json\/wp\/v2\/users\/1"}],"replies":[{"embeddable":true,"href":"https:\/\/www.pontauto.it\/fr\/wp-json\/wp\/v2\/comments?post=310"}],"version-history":[{"count":15,"href":"https:\/\/www.pontauto.it\/fr\/wp-json\/wp\/v2\/pages\/310\/revisions"}],"predecessor-version":[{"id":5876,"href":"https:\/\/www.pontauto.it\/fr\/wp-json\/wp\/v2\/pages\/310\/revisions\/5876"}],"wp:attachment":[{"href":"https:\/\/www.pontauto.it\/fr\/wp-json\/wp\/v2\/media?parent=310"}],"curies":[{"name":"wp","href":"https:\/\/api.w.org\/{rel}","templated":true}]}}