{"id":15,"date":"2022-05-06T09:51:51","date_gmt":"2022-05-06T07:51:51","guid":{"rendered":"https:\/\/www.pontauto.it\/?page_id=15"},"modified":"2025-11-11T11:39:27","modified_gmt":"2025-11-11T10:39:27","slug":"chi-siamo","status":"publish","type":"page","link":"https:\/\/www.pontauto.it\/it\/chi-siamo\/","title":{"rendered":"Chi Siamo"},"content":{"rendered":"\n<h2 class=\"wp-block-heading\"><strong>Ogni nuova sfida \u00e8 una nuova opportunit\u00e0.&nbsp;<\/strong><\/h2>\n\n\n\n<p>Ogni giorno ci misuriamo con le sfide dei nostri clienti per ottenere sempre il miglior risultato possibile rispetto agli obiettivi che ci viene chiesto di raggiungere. Perch\u00e9 un buon partner \u00e8 colui che aiuta davvero gli altri a crescere. Siamo altres\u00ec convinti che l\u2019esito di ogni performance \u00e8 strettamente connesso all!impostazione di una strategia personalizzata e alla cura di ogni di dettaglio. <\/p>\n\n\n\n<p>Per questo abbiamo costruito negli anni un team di lavoro esperto che interpreta i cambiamenti come opportunit\u00e0 e le richieste dei clienti come una mission personale. Dal 1998 ad oggi questo approccio ci ha permesso di crescere in termini di fatturato, aree di mercato coperte D partnership con i principali player internazionali del settore.&nbsp; <\/p>\n","protected":false},"excerpt":{"rendered":"<p>Ogni nuova sfida \u00e8 una nuova opportunit\u00e0.&nbsp; Ogni giorno ci misuriamo con le sfide dei nostri clienti per ottenere sempre il miglior risultato possibile rispetto agli obiettivi che ci viene chiesto di raggiungere. Perch\u00e9 un buon partner \u00e8 colui che aiuta davvero gli altri a crescere. Siamo altres\u00ec convinti che l\u2019esito di ogni performance \u00e8 [&hellip;]<\/p>\n","protected":false},"author":1,"featured_media":0,"parent":0,"menu_order":0,"comment_status":"closed","ping_status":"closed","template":"page-testuale.php","meta":{"inline_featured_image":false,"footnotes":""},"class_list":["post-15","page","type-page","status-publish","hentry"],"acf":[],"yoast_head":"<!-- This site is optimized with the Yoast SEO plugin v19.3 - https:\/\/yoast.com\/wordpress\/plugins\/seo\/ -->\n<title>Chi Siamo - Pontauto<\/title>\n<meta name=\"robots\" content=\"index, follow, max-snippet:-1, max-image-preview:large, max-video-preview:-1\" \/>\n<link rel=\"canonical\" href=\"https:\/\/www.pontauto.it\/it\/chi-siamo\/\" \/>\n<meta property=\"og:locale\" content=\"it_IT\" \/>\n<meta property=\"og:type\" content=\"article\" \/>\n<meta property=\"og:title\" content=\"Chi Siamo - Pontauto\" \/>\n<meta property=\"og:description\" content=\"Ogni nuova sfida \u00e8 una nuova opportunit\u00e0.&nbsp; Ogni giorno ci misuriamo con le sfide dei nostri clienti per ottenere sempre il miglior risultato possibile rispetto agli obiettivi che ci viene chiesto di raggiungere. Perch\u00e9 un buon partner \u00e8 colui che aiuta davvero gli altri a crescere. Siamo altres\u00ec convinti che l\u2019esito di ogni performance \u00e8 [&hellip;]\" \/>\n<meta property=\"og:url\" content=\"https:\/\/www.pontauto.it\/it\/chi-siamo\/\" \/>\n<meta property=\"og:site_name\" content=\"Pontauto\" \/>\n<meta property=\"article:modified_time\" content=\"2025-11-11T10:39:27+00:00\" \/>\n<meta name=\"twitter:card\" content=\"summary_large_image\" \/>\n<meta name=\"twitter:label1\" content=\"Tempo di lettura stimato\" \/>\n\t<meta name=\"twitter:data1\" content=\"1 minuto\" \/>\n<script type=\"application\/ld+json\" class=\"yoast-schema-graph\">{\"@context\":\"https:\/\/schema.org\",\"@graph\":[{\"@type\":\"Organization\",\"@id\":\"https:\/\/www.pontauto.it\/#organization\",\"name\":\"Pontauto\",\"url\":\"https:\/\/www.pontauto.it\/\",\"sameAs\":[\"https:\/\/www.linkedin.com\/company\/pontauto-snc\/about\/\"],\"logo\":{\"@type\":\"ImageObject\",\"inLanguage\":\"it-IT\",\"@id\":\"https:\/\/www.pontauto.it\/#\/schema\/logo\/image\/\",\"url\":\"https:\/\/www.pontauto.it\/wp-content\/uploads\/2022\/07\/pontauto.svg\",\"contentUrl\":\"https:\/\/www.pontauto.it\/wp-content\/uploads\/2022\/07\/pontauto.svg\",\"width\":227,\"height\":87,\"caption\":\"Pontauto\"},\"image\":{\"@id\":\"https:\/\/www.pontauto.it\/#\/schema\/logo\/image\/\"}},{\"@type\":\"WebSite\",\"@id\":\"https:\/\/www.pontauto.it\/#website\",\"url\":\"https:\/\/www.pontauto.it\/\",\"name\":\"Pontauto\",\"description\":\"\",\"publisher\":{\"@id\":\"https:\/\/www.pontauto.it\/#organization\"},\"potentialAction\":[{\"@type\":\"SearchAction\",\"target\":{\"@type\":\"EntryPoint\",\"urlTemplate\":\"https:\/\/www.pontauto.it\/?s={search_term_string}\"},\"query-input\":\"required name=search_term_string\"}],\"inLanguage\":\"it-IT\"},{\"@type\":\"WebPage\",\"@id\":\"https:\/\/www.pontauto.it\/it\/chi-siamo\/\",\"url\":\"https:\/\/www.pontauto.it\/it\/chi-siamo\/\",\"name\":\"Chi Siamo - Pontauto\",\"isPartOf\":{\"@id\":\"https:\/\/www.pontauto.it\/#website\"},\"datePublished\":\"2022-05-06T07:51:51+00:00\",\"dateModified\":\"2025-11-11T10:39:27+00:00\",\"breadcrumb\":{\"@id\":\"https:\/\/www.pontauto.it\/it\/chi-siamo\/#breadcrumb\"},\"inLanguage\":\"it-IT\",\"potentialAction\":[{\"@type\":\"ReadAction\",\"target\":[\"https:\/\/www.pontauto.it\/it\/chi-siamo\/\"]}]},{\"@type\":\"BreadcrumbList\",\"@id\":\"https:\/\/www.pontauto.it\/it\/chi-siamo\/#breadcrumb\",\"itemListElement\":[{\"@type\":\"ListItem\",\"position\":1,\"name\":\"Home\",\"item\":\"https:\/\/www.pontauto.it\/it\/\"},{\"@type\":\"ListItem\",\"position\":2,\"name\":\"Chi Siamo\"}]}]}<\/script>\n<!-- \/ Yoast SEO plugin. -->","yoast_head_json":{"title":"Chi Siamo - Pontauto","robots":{"index":"index","follow":"follow","max-snippet":"max-snippet:-1","max-image-preview":"max-image-preview:large","max-video-preview":"max-video-preview:-1"},"canonical":"https:\/\/www.pontauto.it\/it\/chi-siamo\/","og_locale":"it_IT","og_type":"article","og_title":"Chi Siamo - Pontauto","og_description":"Ogni nuova sfida \u00e8 una nuova opportunit\u00e0.&nbsp; Ogni giorno ci misuriamo con le sfide dei nostri clienti per ottenere sempre il miglior risultato possibile rispetto agli obiettivi che ci viene chiesto di raggiungere. Perch\u00e9 un buon partner \u00e8 colui che aiuta davvero gli altri a crescere. Siamo altres\u00ec convinti che l\u2019esito di ogni performance \u00e8 [&hellip;]","og_url":"https:\/\/www.pontauto.it\/it\/chi-siamo\/","og_site_name":"Pontauto","article_modified_time":"2025-11-11T10:39:27+00:00","twitter_card":"summary_large_image","twitter_misc":{"Tempo di lettura stimato":"1 minuto"},"schema":{"@context":"https:\/\/schema.org","@graph":[{"@type":"Organization","@id":"https:\/\/www.pontauto.it\/#organization","name":"Pontauto","url":"https:\/\/www.pontauto.it\/","sameAs":["https:\/\/www.linkedin.com\/company\/pontauto-snc\/about\/"],"logo":{"@type":"ImageObject","inLanguage":"it-IT","@id":"https:\/\/www.pontauto.it\/#\/schema\/logo\/image\/","url":"https:\/\/www.pontauto.it\/wp-content\/uploads\/2022\/07\/pontauto.svg","contentUrl":"https:\/\/www.pontauto.it\/wp-content\/uploads\/2022\/07\/pontauto.svg","width":227,"height":87,"caption":"Pontauto"},"image":{"@id":"https:\/\/www.pontauto.it\/#\/schema\/logo\/image\/"}},{"@type":"WebSite","@id":"https:\/\/www.pontauto.it\/#website","url":"https:\/\/www.pontauto.it\/","name":"Pontauto","description":"","publisher":{"@id":"https:\/\/www.pontauto.it\/#organization"},"potentialAction":[{"@type":"SearchAction","target":{"@type":"EntryPoint","urlTemplate":"https:\/\/www.pontauto.it\/?s={search_term_string}"},"query-input":"required name=search_term_string"}],"inLanguage":"it-IT"},{"@type":"WebPage","@id":"https:\/\/www.pontauto.it\/it\/chi-siamo\/","url":"https:\/\/www.pontauto.it\/it\/chi-siamo\/","name":"Chi Siamo - Pontauto","isPartOf":{"@id":"https:\/\/www.pontauto.it\/#website"},"datePublished":"2022-05-06T07:51:51+00:00","dateModified":"2025-11-11T10:39:27+00:00","breadcrumb":{"@id":"https:\/\/www.pontauto.it\/it\/chi-siamo\/#breadcrumb"},"inLanguage":"it-IT","potentialAction":[{"@type":"ReadAction","target":["https:\/\/www.pontauto.it\/it\/chi-siamo\/"]}]},{"@type":"BreadcrumbList","@id":"https:\/\/www.pontauto.it\/it\/chi-siamo\/#breadcrumb","itemListElement":[{"@type":"ListItem","position":1,"name":"Home","item":"https:\/\/www.pontauto.it\/it\/"},{"@type":"ListItem","position":2,"name":"Chi Siamo"}]}]}},"_links":{"self":[{"href":"https:\/\/www.pontauto.it\/it\/wp-json\/wp\/v2\/pages\/15","targetHints":{"allow":["GET"]}}],"collection":[{"href":"https:\/\/www.pontauto.it\/it\/wp-json\/wp\/v2\/pages"}],"about":[{"href":"https:\/\/www.pontauto.it\/it\/wp-json\/wp\/v2\/types\/page"}],"author":[{"embeddable":true,"href":"https:\/\/www.pontauto.it\/it\/wp-json\/wp\/v2\/users\/1"}],"replies":[{"embeddable":true,"href":"https:\/\/www.pontauto.it\/it\/wp-json\/wp\/v2\/comments?post=15"}],"version-history":[{"count":19,"href":"https:\/\/www.pontauto.it\/it\/wp-json\/wp\/v2\/pages\/15\/revisions"}],"predecessor-version":[{"id":5879,"href":"https:\/\/www.pontauto.it\/it\/wp-json\/wp\/v2\/pages\/15\/revisions\/5879"}],"wp:attachment":[{"href":"https:\/\/www.pontauto.it\/it\/wp-json\/wp\/v2\/media?parent=15"}],"curies":[{"name":"wp","href":"https:\/\/api.w.org\/{rel}","templated":true}]}}